{"id":1023,"date":"2023-06-22T08:58:52","date_gmt":"2023-06-22T08:58:52","guid":{"rendered":"https:\/\/projektyepiar.kylos.pl\/karczma_bida\/uber-uns-boleslaw\/"},"modified":"2023-12-04T12:19:58","modified_gmt":"2023-12-04T12:19:58","slug":"uber-uns-boleslaw","status":"publish","type":"page","link":"https:\/\/www.karczmabida.com\/de\/uber-uns-boleslaw\/","title":{"rendered":"\u00dcBER UNS Boles\u0142aw"},"content":{"rendered":"<p>[et_pb_section fb_built=&#8220;1&#8243; fullwidth=&#8220;on&#8220; _builder_version=&#8220;4.21.0&#8243; _module_preset=&#8220;default&#8220; global_module=&#8220;1356&#8243; saved_tabs=&#8220;all&#8220; global_colors_info=&#8220;{}&#8220;][et_pb_fullwidth_slider show_arrows=&#8220;off&#8220; show_pagination=&#8220;off&#8220; _builder_version=&#8220;4.21.0&#8243; _module_preset=&#8220;default&#8220; custom_margin=&#8220;||||false|false&#8220; custom_padding=&#8220;1px||||false|false&#8220; custom_padding_tablet=&#8220;1px||||false|false&#8220; custom_padding_phone=&#8220;12vw||12vw||true|false&#8220; custom_padding_last_edited=&#8220;on|phone&#8220; global_colors_info=&#8220;{}&#8220;][et_pb_slide _builder_version=&#8220;4.21.0&#8243; _module_preset=&#8220;default&#8220; background_image=&#8220;https:\/\/www.karczmabida.com\/wp-content\/uploads\/2023\/06\/boleslaw_d2.jpg&#8220; background_enable_image=&#8220;on&#8220; global_colors_info=&#8220;{}&#8220; sticky_transition=&#8220;on&#8220;][\/et_pb_slide][\/et_pb_fullwidth_slider][\/et_pb_section][et_pb_section fb_built=&#8220;1&#8243; _builder_version=&#8220;4.21.0&#8243; _module_preset=&#8220;default&#8220; background_color=&#8220;RGBA(255,255,255,0)&#8220; background_image=&#8220;https:\/\/www.karczmabida.com\/wp-content\/uploads\/2023\/06\/Boleslaw1.jpg&#8220; background_size=&#8220;contain&#8220; background_position=&#8220;top_center&#8220; custom_margin=&#8220;||0px||false|false&#8220; custom_padding=&#8220;||0px||false|false&#8220; background_last_edited=&#8220;on|phone&#8220; background_enable_image_phone=&#8220;off&#8220; global_colors_info=&#8220;{}&#8220;][et_pb_row _builder_version=&#8220;4.21.0&#8243; _module_preset=&#8220;default&#8220; background_enable_image=&#8220;off&#8220; background_position=&#8220;top_left&#8220; width=&#8220;90%&#8220; max_width=&#8220;1920px&#8220; global_colors_info=&#8220;{}&#8220;][et_pb_column type=&#8220;4_4&#8243; _builder_version=&#8220;4.21.0&#8243; _module_preset=&#8220;default&#8220; global_colors_info=&#8220;{}&#8220;][et_pb_text _builder_version=&#8220;4.21.0&#8243; _module_preset=&#8220;default&#8220; text_font=&#8220;|700|||||||&#8220; text_orientation=&#8220;center&#8220; global_colors_info=&#8220;{}&#8220;]<\/p>\n<p>\u00dcBER UNS<\/p>\n<p>[\/et_pb_text][et_pb_text _builder_version=&#8220;4.21.0&#8243; _module_preset=&#8220;default&#8220; text_font=&#8220;|700|||||||&#8220; text_font_size=&#8220;30px&#8220; text_line_height=&#8220;1.8em&#8220; header_2_font_size=&#8220;100px&#8220; text_orientation=&#8220;center&#8220; header_2_font_size_tablet=&#8220;50px&#8220; header_2_font_size_phone=&#8220;40px&#8220; header_2_font_size_last_edited=&#8220;on|phone&#8220; global_colors_info=&#8220;{}&#8220;]<\/p>\n<h2>Karczma Bida<\/h2>\n<p>[\/et_pb_text][\/et_pb_column][\/et_pb_row][et_pb_row column_structure=&#8220;1_4,3_4&#8243; _builder_version=&#8220;4.21.0&#8243; _module_preset=&#8220;default&#8220; background_color=&#8220;RGBA(255,255,255,0)&#8220; width=&#8220;100%&#8220; max_width=&#8220;1920px&#8220; module_alignment=&#8220;center&#8220; global_colors_info=&#8220;{}&#8220;][et_pb_column type=&#8220;1_4&#8243; _builder_version=&#8220;4.21.0&#8243; _module_preset=&#8220;default&#8220; background_color=&#8220;RGBA(255,255,255,0)&#8220; custom_padding=&#8220;|||4vw|false|false&#8220; global_colors_info=&#8220;{}&#8220;][et_pb_sidebar area=&#8220;et_pb_widget_area_3&#8243; disabled_on=&#8220;on|off|off&#8220; _builder_version=&#8220;4.21.0&#8243; _module_preset=&#8220;default&#8220; body_font=&#8220;|800|||||||&#8220; body_text_align=&#8220;left&#8220; body_text_color=&#8220;#000000&#8243; body_font_size=&#8220;20px&#8220; body_line_height=&#8220;2em&#8220; custom_margin=&#8220;||||false|false&#8220; border_color_right=&#8220;RGBA(255,255,255,0)&#8220; global_colors_info=&#8220;{}&#8220;][\/et_pb_sidebar][\/et_pb_column][et_pb_column type=&#8220;3_4&#8243; _builder_version=&#8220;4.21.0&#8243; _module_preset=&#8220;default&#8220; global_colors_info=&#8220;{}&#8220;][et_pb_text _builder_version=&#8220;4.21.0&#8243; _module_preset=&#8220;default&#8220; text_font=&#8220;Merriweather|600|on||||||&#8220; text_font_size=&#8220;24px&#8220; text_line_height=&#8220;1.6em&#8220; custom_margin_tablet=&#8220;|15px||15px|false|true&#8220; custom_margin_phone=&#8220;|15px||15px|false|true&#8220; custom_margin_last_edited=&#8220;on|phone&#8220; text_font_size_tablet=&#8220;24px&#8220; text_font_size_phone=&#8220;22px&#8220; text_font_size_last_edited=&#8220;on|phone&#8220; global_colors_info=&#8220;{}&#8220;]<\/p>\n<p>Restaurant \u201eGaststube Bida\u201c in Boles\u0142aw befindet sich an der Landesstra\u00dfe Nr.: 94 Katowice \u2013 Krak\u00f3w.<\/p>\n<p>Unser Restaurant serviert polnische und internationale Gerichte. Wir sorgen daf\u00fcr, dass die anspruchsvollen G\u00e4ste ein unvergleichliches Aroma und Geschmackerlebnis der Speisen erleben.<\/p>\n<p>[\/et_pb_text][et_pb_text _builder_version=&#8220;4.21.0&#8243; _module_preset=&#8220;default&#8220; text_line_height=&#8220;1.6em&#8220; custom_margin_tablet=&#8220;|15px||15px|false|true&#8220; custom_margin_phone=&#8220;|15px||15px|false|true&#8220; custom_margin_last_edited=&#8220;on|phone&#8220; hover_enabled=&#8220;0&#8243; text_font_size_tablet=&#8220;&#8220; text_font_size_phone=&#8220;18px&#8220; text_font_size_last_edited=&#8220;on|desktop&#8220; global_colors_info=&#8220;{}&#8220; sticky_enabled=&#8220;0&#8243;]Wir verwenden Produkte nach Herkunft und h\u00f6chster Qualit\u00e4t ausgew\u00e4hlte Produkte, frische Kr\u00e4uter und nat\u00fcrliche Gew\u00fcrze. Daf\u00fcr stehen undie K\u00f6che mit einer langj\u00e4hrigen Erfahrung.<br \/>\nDank dem finden Sie bei uns ein abwechslungsreiches Men\u00fc ua.: Fleisch-, und Vegetarische Gerichte, Lieblingsgerichte f\u00fcr Kinder sowie ein<span>\u00a0<\/span><a href=\"https:\/\/www.karczmabida.com\/de\/menu-boleslaw\/\">Fit-Men\u00fc<\/a>.<\/p>\n<p>Unsere Speisen k\u00f6nnen Sie in einem von vier verschiedenene Speisesaale kosten.<br \/>\nBei sch\u00f6nem Wetter laden wir unsere G\u00e4ste in unseren Garten ein, direkt vorm Haus.<br \/>\nUmgeben vom Gr\u00fcnen und einer Anlage mit Teich, schmecken unsere Spiesen noch besser. Wir hoffen, Sie bald einmal wieder begr\u00fc\u00dfen zu d\u00fcrfen![\/et_pb_text][dipl_masonry_gallery image_ids=&#8220;344,341,342,343&#8243; image_size=&#8220;large&#8220; enable_lightbox=&#8220;on&#8220; enable_overlay=&#8220;on&#8220; overlay_icon=&#8220;&#x54;||divi||400&#8243; overlay_icon_color=&#8220;#FFFFFF&#8220; overlay_color=&#8220;rgba(205,145,60,0.58)&#8220; number_of_columns_tablet=&#8220;&#8220; number_of_columns_phone=&#8220;1&#8243; number_of_columns_last_edited=&#8220;on|phone&#8220; _builder_version=&#8220;4.21.0&#8243; _module_preset=&#8220;default&#8220; width=&#8220;95%&#8220; custom_margin_tablet=&#8220;|10px||10px|false|true&#8220; custom_margin_phone=&#8220;|10px||10px|false|true&#8220; custom_margin_last_edited=&#8220;on|phone&#8220; global_colors_info=&#8220;{}&#8220;][\/dipl_masonry_gallery][\/et_pb_column][\/et_pb_row][et_pb_row _builder_version=&#8220;4.21.0&#8243; _module_preset=&#8220;default&#8220; global_colors_info=&#8220;{}&#8220;][et_pb_column type=&#8220;4_4&#8243; _builder_version=&#8220;4.21.0&#8243; _module_preset=&#8220;default&#8220; global_colors_info=&#8220;{}&#8220;][et_pb_text _builder_version=&#8220;4.21.0&#8243; _module_preset=&#8220;default&#8220; header_2_text_align=&#8220;center&#8220; header_2_font_size=&#8220;100px&#8220; header_2_font_size_tablet=&#8220;50px&#8220; header_2_font_size_phone=&#8220;40px&#8220; header_2_font_size_last_edited=&#8220;on|phone&#8220; global_colors_info=&#8220;{}&#8220;]<\/p>\n<h2>Antrieb<\/h2>\n<p>[\/et_pb_text][\/et_pb_column][\/et_pb_row][\/et_pb_section][et_pb_section fb_built=&#8220;1&#8243; _builder_version=&#8220;4.21.0&#8243; _module_preset=&#8220;default&#8220; custom_margin=&#8220;0px||0px||false|false&#8220; custom_padding=&#8220;0px||0px||false|false&#8220; global_colors_info=&#8220;{}&#8220;][et_pb_row _builder_version=&#8220;4.21.0&#8243; _module_preset=&#8220;default&#8220; width=&#8220;100%&#8220; max_width=&#8220;1920px&#8220; custom_margin=&#8220;0px||0px||false|false&#8220; custom_padding=&#8220;0px||0px||false|false&#8220; global_colors_info=&#8220;{}&#8220;][et_pb_column type=&#8220;4_4&#8243; _builder_version=&#8220;4.21.0&#8243; _module_preset=&#8220;default&#8220; global_colors_info=&#8220;{}&#8220;][et_pb_code _builder_version=&#8220;4.21.0&#8243; _module_preset=&#8220;default&#8220; global_colors_info=&#8220;{}&#8220;]<iframe src=\"https:\/\/www.google.com\/maps\/embed?pb=!1m14!1m8!1m3!1d274010.56365831516!2d19.336589960163842!3d50.35266838589659!3m2!1i1024!2i768!4f13.1!3m3!1m2!1s0x4716e6eaba50ba6f%3A0xe4073445c6b1ef8e!2sKARCZMA%20BIDA!5e0!3m2!1spl!2spl!4v1687349066014!5m2!1spl!2spl\" width=\"100%\" height=\"450\" style=\"border:0;\" allowfullscreen=\"\" loading=\"lazy\" referrerpolicy=\"no-referrer-when-downgrade\"><\/iframe>[\/et_pb_code][\/et_pb_column][\/et_pb_row][\/et_pb_section]<\/p>\n","protected":false},"excerpt":{"rendered":"<p>\u00dcBER UNSKarczma BidaRestaurant \u201eGaststube Bida\u201c in Boles\u0142aw befindet sich an der Landesstra\u00dfe Nr.: 94 Katowice \u2013 Krak\u00f3w. Unser Restaurant serviert polnische und internationale Gerichte. Wir sorgen daf\u00fcr, dass die anspruchsvollen G\u00e4ste ein unvergleichliches Aroma und Geschmackerlebnis der Speisen erleben.Wir verwenden Produkte nach Herkunft und h\u00f6chster Qualit\u00e4t ausgew\u00e4hlte Produkte, frische Kr\u00e4uter und nat\u00fcrliche Gew\u00fcrze. Daf\u00fcr stehen [&hellip;]<\/p>\n","protected":false},"author":1,"featured_media":0,"parent":0,"menu_order":0,"comment_status":"closed","ping_status":"closed","template":"","meta":{"_et_pb_use_builder":"on","_et_pb_old_content":"","_et_gb_content_width":"","_monsterinsights_skip_tracking":false,"_monsterinsights_sitenote_active":false,"_monsterinsights_sitenote_note":"","_monsterinsights_sitenote_category":0,"footnotes":""},"class_list":["post-1023","page","type-page","status-publish","hentry"],"aioseo_notices":[],"_links":{"self":[{"href":"https:\/\/www.karczmabida.com\/de\/wp-json\/wp\/v2\/pages\/1023","targetHints":{"allow":["GET"]}}],"collection":[{"href":"https:\/\/www.karczmabida.com\/de\/wp-json\/wp\/v2\/pages"}],"about":[{"href":"https:\/\/www.karczmabida.com\/de\/wp-json\/wp\/v2\/types\/page"}],"author":[{"embeddable":true,"href":"https:\/\/www.karczmabida.com\/de\/wp-json\/wp\/v2\/users\/1"}],"replies":[{"embeddable":true,"href":"https:\/\/www.karczmabida.com\/de\/wp-json\/wp\/v2\/comments?post=1023"}],"version-history":[{"count":3,"href":"https:\/\/www.karczmabida.com\/de\/wp-json\/wp\/v2\/pages\/1023\/revisions"}],"predecessor-version":[{"id":1628,"href":"https:\/\/www.karczmabida.com\/de\/wp-json\/wp\/v2\/pages\/1023\/revisions\/1628"}],"wp:attachment":[{"href":"https:\/\/www.karczmabida.com\/de\/wp-json\/wp\/v2\/media?parent=1023"}],"curies":[{"name":"wp","href":"https:\/\/api.w.org\/{rel}","templated":true}]}}