{"id":1021,"date":"2023-06-22T10:42:37","date_gmt":"2023-06-22T10:42:37","guid":{"rendered":"https:\/\/projektyepiar.kylos.pl\/karczma_bida\/uber-uns-bogucin\/"},"modified":"2023-12-04T12:18:13","modified_gmt":"2023-12-04T12:18:13","slug":"uber-uns-bogucin","status":"publish","type":"page","link":"https:\/\/www.karczmabida.com\/de\/uber-uns-bogucin\/","title":{"rendered":"\u00dcBER UNS Bogucin"},"content":{"rendered":"<p>[et_pb_section fb_built=&#8220;1&#8243; fullwidth=&#8220;on&#8220; _builder_version=&#8220;4.21.0&#8243; _module_preset=&#8220;default&#8220; global_module=&#8220;1355&#8243; global_colors_info=&#8220;{}&#8220;][et_pb_fullwidth_slider show_arrows=&#8220;off&#8220; show_pagination=&#8220;off&#8220; _builder_version=&#8220;4.21.0&#8243; _module_preset=&#8220;default&#8220; custom_margin=&#8220;||||false|false&#8220; custom_padding=&#8220;1px||||false|false&#8220; custom_padding_tablet=&#8220;1px||||false|false&#8220; custom_padding_phone=&#8220;12vw||12vw||true|false&#8220; custom_padding_last_edited=&#8220;on|phone&#8220; global_colors_info=&#8220;{}&#8220;][et_pb_slide _builder_version=&#8220;4.21.0&#8243; _module_preset=&#8220;default&#8220; background_image=&#8220;https:\/\/www.karczmabida.com\/wp-content\/uploads\/2023\/06\/per2.jpg&#8220; background_enable_image=&#8220;on&#8220; global_colors_info=&#8220;{}&#8220; sticky_transition=&#8220;on&#8220;][\/et_pb_slide][\/et_pb_fullwidth_slider][\/et_pb_section][et_pb_section fb_built=&#8220;1&#8243; _builder_version=&#8220;4.21.0&#8243; _module_preset=&#8220;default&#8220; background_color=&#8220;RGBA(255,255,255,0)&#8220; background_image=&#8220;https:\/\/www.karczmabida.com\/wp-content\/uploads\/2023\/06\/Bogucin.jpg&#8220; background_size=&#8220;contain&#8220; background_position=&#8220;top_center&#8220; custom_margin=&#8220;||0px||false|false&#8220; custom_padding=&#8220;||0px||false|false&#8220; background_last_edited=&#8220;on|phone&#8220; background_enable_image_phone=&#8220;off&#8220; global_colors_info=&#8220;{}&#8220;][et_pb_row _builder_version=&#8220;4.21.0&#8243; _module_preset=&#8220;default&#8220; background_enable_image=&#8220;off&#8220; background_position=&#8220;top_left&#8220; width=&#8220;90%&#8220; max_width=&#8220;1920px&#8220; global_colors_info=&#8220;{}&#8220;][et_pb_column type=&#8220;4_4&#8243; _builder_version=&#8220;4.21.0&#8243; _module_preset=&#8220;default&#8220; global_colors_info=&#8220;{}&#8220;][et_pb_text _builder_version=&#8220;4.21.0&#8243; _module_preset=&#8220;default&#8220; text_font=&#8220;|700|||||||&#8220; text_orientation=&#8220;center&#8220; global_colors_info=&#8220;{}&#8220;]<\/p>\n<p>\u00dcBER UNS<\/p>\n<p>[\/et_pb_text][et_pb_text _builder_version=&#8220;4.21.0&#8243; _module_preset=&#8220;default&#8220; text_font=&#8220;|700|||||||&#8220; text_font_size=&#8220;30px&#8220; text_line_height=&#8220;1.8em&#8220; header_2_font_size=&#8220;100px&#8220; text_orientation=&#8220;center&#8220; header_2_font_size_tablet=&#8220;50px&#8220; header_2_font_size_phone=&#8220;40px&#8220; header_2_font_size_last_edited=&#8220;on|phone&#8220; global_colors_info=&#8220;{}&#8220;]<\/p>\n<h2>Karczma Bida<\/h2>\n<p>[\/et_pb_text][\/et_pb_column][\/et_pb_row][et_pb_row column_structure=&#8220;1_4,3_4&#8243; _builder_version=&#8220;4.21.0&#8243; _module_preset=&#8220;default&#8220; background_color=&#8220;RGBA(255,255,255,0)&#8220; width=&#8220;100%&#8220; max_width=&#8220;1920px&#8220; module_alignment=&#8220;center&#8220; global_colors_info=&#8220;{}&#8220;][et_pb_column type=&#8220;1_4&#8243; _builder_version=&#8220;4.21.0&#8243; _module_preset=&#8220;default&#8220; background_color=&#8220;RGBA(255,255,255,0)&#8220; custom_padding=&#8220;|||4vw|false|false&#8220; global_colors_info=&#8220;{}&#8220;][et_pb_sidebar area=&#8220;et_pb_widget_area_1&#8243; disabled_on=&#8220;on|off|off&#8220; _builder_version=&#8220;4.21.0&#8243; _module_preset=&#8220;default&#8220; body_font=&#8220;|800|||||||&#8220; body_text_align=&#8220;left&#8220; body_text_color=&#8220;#000000&#8243; body_font_size=&#8220;20px&#8220; body_line_height=&#8220;2em&#8220; custom_margin=&#8220;||||false|false&#8220; border_color_right=&#8220;RGBA(255,255,255,0)&#8220; global_colors_info=&#8220;{}&#8220;][\/et_pb_sidebar][\/et_pb_column][et_pb_column type=&#8220;3_4&#8243; _builder_version=&#8220;4.21.0&#8243; _module_preset=&#8220;default&#8220; global_colors_info=&#8220;{}&#8220;][et_pb_text _builder_version=&#8220;4.21.0&#8243; _module_preset=&#8220;default&#8220; text_font=&#8220;Merriweather|600|on||||||&#8220; text_font_size=&#8220;24px&#8220; text_line_height=&#8220;1.6em&#8220; custom_margin_tablet=&#8220;|15px||15px|false|true&#8220; custom_margin_phone=&#8220;|15px||15px|false|true&#8220; custom_margin_last_edited=&#8220;on|phone&#8220; text_font_size_tablet=&#8220;24px&#8220; text_font_size_phone=&#8220;22px&#8220; text_font_size_last_edited=&#8220;on|phone&#8220; global_colors_info=&#8220;{}&#8220;]<\/p>\n<p>Wir laden Sie ganz herzlich dazu ein, uns in unserem Restaurant \u201eGaststube Bida\u201c in Bugucin zu besuchen. Nachfolgend pr\u00e4sentieren wir Ihnen einige ausgew\u00e4hlte Gerichte aus unserer umfangreichen Speisenkarte. Wenn Sie eine gute Qualit\u00e4t, eine gem\u00fctliche Atmosph\u00e4re und einen einzigartigen Geschmack sch\u00e4tzen dann ist die \u201eGaststube Bida\u201d der richtige Platz.<\/p>\n<p>[\/et_pb_text][et_pb_text _builder_version=&#8220;4.21.0&#8243; _module_preset=&#8220;default&#8220; text_line_height=&#8220;1.6em&#8220; custom_margin_tablet=&#8220;|15px||15px|false|true&#8220; custom_margin_phone=&#8220;|15px||15px|false|true&#8220; custom_margin_last_edited=&#8220;on|phone&#8220; hover_enabled=&#8220;0&#8243; text_font_size_tablet=&#8220;&#8220; text_font_size_phone=&#8220;18px&#8220; text_font_size_last_edited=&#8220;on|desktop&#8220; global_colors_info=&#8220;{}&#8220; sticky_enabled=&#8220;0&#8243;]Im Unserem Restaurant werden alle Gerichte von besten K\u00f6che zubereitet.<br \/>\nDie nat\u00fcrliche Qualit\u00e4t aller Produkte garantieren wir Ihnen durch die Auswahl bester Zutaten und die klassische Zubereitung nach eigenen Rezepten. Auf unserer Speisekarte finden Sie Fleisch-, und Vegetarische Gerichte, Lieblingsgerichte f\u00fcr Kinder sowie das<span>\u00a0<\/span><a href=\"https:\/\/www.karczmabida.com\/de\/menu-bogucin\/\">Fit-Men\u00fc.<\/a><span>\u00a0<\/span>Wir sorgen daf\u00fcr, dass unsere anspruchsvollen G\u00e4ste Ihre Lieblingsgerichte bei uns finden.<\/p>\n<p>Das Restaurant \u201e Gaststube Bida\u201d in der N\u00e4he von Lublin bietet seinen G\u00e4sten vier Speisesaale und in der warmen Jahreszeit die M\u00f6glichkeit die Gerichte an frischer Luft im Garten sein Essen zu genie\u00dfen.<br \/>\nAlle unsere Gerichte werden mit gro\u00dfer Sorgfalt zubereitet. F\u00fcr Sie bedeutet das ein unvergleichliches Aroma und Geschmackerlebnis. Wir hoffen, Sie bald einmal wieder begr\u00fc\u00dfen zu d\u00fcrfen![\/et_pb_text][dipl_masonry_gallery image_ids=&#8220;399,400,401,402&#8243; image_size=&#8220;large&#8220; enable_lightbox=&#8220;on&#8220; enable_overlay=&#8220;on&#8220; overlay_icon=&#8220;&#x54;||divi||400&#8243; overlay_icon_color=&#8220;#FFFFFF&#8220; overlay_color=&#8220;rgba(205,145,60,0.58)&#8220; number_of_columns_tablet=&#8220;&#8220; number_of_columns_phone=&#8220;1&#8243; number_of_columns_last_edited=&#8220;on|phone&#8220; _builder_version=&#8220;4.21.0&#8243; _module_preset=&#8220;default&#8220; width=&#8220;95%&#8220; custom_margin_tablet=&#8220;|10px||10px|false|true&#8220; custom_margin_phone=&#8220;|10px||10px|false|true&#8220; custom_margin_last_edited=&#8220;on|phone&#8220; global_colors_info=&#8220;{}&#8220;][\/dipl_masonry_gallery][\/et_pb_column][\/et_pb_row][et_pb_row _builder_version=&#8220;4.21.0&#8243; _module_preset=&#8220;default&#8220; global_colors_info=&#8220;{}&#8220;][et_pb_column type=&#8220;4_4&#8243; _builder_version=&#8220;4.21.0&#8243; _module_preset=&#8220;default&#8220; global_colors_info=&#8220;{}&#8220;][et_pb_text _builder_version=&#8220;4.21.0&#8243; _module_preset=&#8220;default&#8220; header_2_text_align=&#8220;center&#8220; header_2_font_size=&#8220;100px&#8220; header_2_font_size_tablet=&#8220;50px&#8220; header_2_font_size_phone=&#8220;40px&#8220; header_2_font_size_last_edited=&#8220;on|phone&#8220; global_colors_info=&#8220;{}&#8220;]<\/p>\n<h2>Antrieb<\/h2>\n<p>[\/et_pb_text][\/et_pb_column][\/et_pb_row][\/et_pb_section][et_pb_section fb_built=&#8220;1&#8243; _builder_version=&#8220;4.21.0&#8243; _module_preset=&#8220;default&#8220; custom_margin=&#8220;0px||0px||false|false&#8220; custom_padding=&#8220;0px||0px||false|false&#8220; global_colors_info=&#8220;{}&#8220;][et_pb_row _builder_version=&#8220;4.21.0&#8243; _module_preset=&#8220;default&#8220; width=&#8220;100%&#8220; max_width=&#8220;1920px&#8220; custom_margin=&#8220;0px||0px||false|false&#8220; custom_padding=&#8220;0px||0px||false|false&#8220; global_colors_info=&#8220;{}&#8220;][et_pb_column type=&#8220;4_4&#8243; _builder_version=&#8220;4.21.0&#8243; _module_preset=&#8220;default&#8220; global_colors_info=&#8220;{}&#8220;][et_pb_code _builder_version=&#8220;4.21.0&#8243; _module_preset=&#8220;default&#8220; global_colors_info=&#8220;{}&#8220;]<iframe src=\"https:\/\/www.google.com\/maps\/embed?pb=!1m14!1m8!1m3!1d159858.42931965366!2d22.350677918067742!3d51.241399921332274!3m2!1i1024!2i768!4f13.1!3m3!1m2!1s0x47225dbe5deb1741%3A0xe83c3b23cd3028ba!2sKARCZMA%20BIDA%20w%20Bogucinie%20k.Lublina!5e0!3m2!1spl!2spl!4v1689190953364!5m2!1spl!2spl\" width=\"100%\" height=\"450\" style=\"border:0;\" allowfullscreen=\"\" loading=\"lazy\" referrerpolicy=\"no-referrer-when-downgrade\"><\/iframe>[\/et_pb_code][\/et_pb_column][\/et_pb_row][\/et_pb_section]<\/p>\n","protected":false},"excerpt":{"rendered":"<p>\u00dcBER UNSKarczma BidaWir laden Sie ganz herzlich dazu ein, uns in unserem Restaurant \u201eGaststube Bida\u201c in Bugucin zu besuchen. Nachfolgend pr\u00e4sentieren wir Ihnen einige ausgew\u00e4hlte Gerichte aus unserer umfangreichen Speisenkarte. Wenn Sie eine gute Qualit\u00e4t, eine gem\u00fctliche Atmosph\u00e4re und einen einzigartigen Geschmack sch\u00e4tzen dann ist die \u201eGaststube Bida\u201d der richtige Platz.Im Unserem Restaurant werden alle [&hellip;]<\/p>\n","protected":false},"author":1,"featured_media":0,"parent":0,"menu_order":0,"comment_status":"closed","ping_status":"closed","template":"","meta":{"_et_pb_use_builder":"on","_et_pb_old_content":"","_et_gb_content_width":"","_monsterinsights_skip_tracking":false,"_monsterinsights_sitenote_active":false,"_monsterinsights_sitenote_note":"","_monsterinsights_sitenote_category":0,"footnotes":""},"class_list":["post-1021","page","type-page","status-publish","hentry"],"aioseo_notices":[],"_links":{"self":[{"href":"https:\/\/www.karczmabida.com\/de\/wp-json\/wp\/v2\/pages\/1021","targetHints":{"allow":["GET"]}}],"collection":[{"href":"https:\/\/www.karczmabida.com\/de\/wp-json\/wp\/v2\/pages"}],"about":[{"href":"https:\/\/www.karczmabida.com\/de\/wp-json\/wp\/v2\/types\/page"}],"author":[{"embeddable":true,"href":"https:\/\/www.karczmabida.com\/de\/wp-json\/wp\/v2\/users\/1"}],"replies":[{"embeddable":true,"href":"https:\/\/www.karczmabida.com\/de\/wp-json\/wp\/v2\/comments?post=1021"}],"version-history":[{"count":4,"href":"https:\/\/www.karczmabida.com\/de\/wp-json\/wp\/v2\/pages\/1021\/revisions"}],"predecessor-version":[{"id":1627,"href":"https:\/\/www.karczmabida.com\/de\/wp-json\/wp\/v2\/pages\/1021\/revisions\/1627"}],"wp:attachment":[{"href":"https:\/\/www.karczmabida.com\/de\/wp-json\/wp\/v2\/media?parent=1021"}],"curies":[{"name":"wp","href":"https:\/\/api.w.org\/{rel}","templated":true}]}}